{"id":2001,"date":"2023-11-29T13:07:18","date_gmt":"2023-11-29T21:07:18","guid":{"rendered":"http:\/\/lawrencedurrell.org\/wp_durrell\/?page_id=2001"},"modified":"2026-01-23T19:11:06","modified_gmt":"2026-01-24T03:11:06","slug":"white-mice-poems-2023","status":"publish","type":"page","link":"https:\/\/lawrencedurrell.org\/wp_durrell\/white-mice\/white-mice-poems-2023\/","title":{"rendered":"White Mice 2023"},"content":{"rendered":"<h2 style=\"text-align: center;\"><strong>Preface<\/strong><\/h2>\n<p>As the International Lawrence Durrell Society prepares to convene in Athens in July 2024, it seemed most appropriate to center the 2023 White Mice Poetry Contest on theme of \u201cRuins.\u201d<\/p>\n<p>Destruction is everywhere in our world\u2014major wars with ruthless bombing and loss of life proliferate as we speak\u2014and yet this theme also reminds us of the intertwined complexities of life. Not only the ongoing cycles of yin and yang of Taoism, or the unfolding patterns of planets in astrology, but also the sheer nobility of thought embodied in the Parthenon and other monuments now lost to us. Ruins represent the past\u2014loss, defeat, dissolution, death\u2014yet carry the seeds of new possibilities for the living who experience, learn, and resolve to do better.<\/p>\n<p>The poems responding to this year\u2019s theme feature not only physical or architectural ruins but also shards or remains of inner life\u2014collapsed relationships, hopes, families, a coherent sense of self. In Suzanne Burns\u2019 \u201cBurnt Offerings,\u201d the speaker\u2019s young sister buries objects and burns a book in the family\u2019s back yard \u201calmost as if the pages were newly born \/ instead of dying. . . .\u201d Dina Friedman\u2019s \u201cDetritus\u201d offers a similar scene, as the speaker\u2019s toddler son adopts a branch of sumac as his pet and strokes \u201cthe leaves all gone.\u201d<\/p>\n<p>\u201cIn Donegal,\u201d by Deborah Doolittle, paints an evocative picture of Irish ruins covered by moss and shrouded by \u201cthin veils\u201d of mist and \u201crain in thick curtains.\u201d Partridge Boswell\u2019s \u201cThe Poet\u2019s Way\u201d traces a literary wandering to a crevasse near a lighthouse \u201cwhere three girls downed a century ago.\u201d We are made aware of the speaker\u2019s solitary clambering, \u201caimless as a poet\u2019s cloud \/ over landscapes real and imagined. . . .\u201d<\/p>\n<p>In a rare occurrence, William Orem won both second and third prize (all judging was anonymous). \u201cPtochos,\u201d a prose poem, re-creates a memorable scene in which the speaker is approached in his car on an urban street by a beggar with a prosthetic leg he uses as a \u201cdonation bowl.\u201d In \u201cAll things await the day of their breaking,\u201d the speaker notes all the breakable objects of our lives yet realizes \u201cIt\u2019s how the earth is made. \/ I wish it were not so.\u201d And then he turns to his marriage\u2014twenty years old this week\u2014with a vow to \u201ccatch\u201d \u201cwhat snaps, what tumbles.\u201d<\/p>\n<p>The first-prize-winning poem, \u201cChild of War by Gabrille LeMay, combines two of the worst human tragedies: the devastation of war and the suffering of a child. In this case, a wounded boy with crutches dreams of rescue, of warmth. The initial witness is a photographer, but then the perspective shifts to a sympathetic speaker who hopes to help alleviate the child\u2019s pain, to overcome the death of his mother and somehow manage to cope with \u201ctidal waves of grief.\u201d<\/p>\n<p>All these poems deal with loss and dissolution, and yet the beauty of the poems, the poignancy of sympathetic observation, brings a humane solace to our contemplation. These endings enrich our lives with connections through time and with a haunting music of remembrance.<\/p>\n<p style=\"text-align: center;\">\u2014David Radavich<\/p>\n<p>&nbsp;<\/p>\n<h2><strong>First Prize<\/strong><\/h2>\n<p>&nbsp;<\/p>\n<p><strong>Child of War<\/strong><\/p>\n<p>Too young to fight, too poor to flee, legions of children<br \/>\nscrape out a bare existence in the rubble of Kabul.<\/p>\n<p>\u2014John F. Burns, The New York Times<br \/>\nMagazine, April 2, 1995. Photographs by<br \/>\nLaurent Van der Stockt.<\/p>\n<p>The photographer stands amid shattered Himalayas<br \/>\nof ash and fragmented masonry:<br \/>\nit\u2019s all that\u2019s left of this city.<br \/>\nBombed and bombed again, the solid old buildings<br \/>\ncrumbled like stale cake to scatter<br \/>\nstones, mortar, chairs, dolls, arms, feet, human<br \/>\ndreams everywhere\u2014leaving crushed, blackened heaps<br \/>\nfrom which iron wires stick up<br \/>\nlike stiffened hairs.<\/p>\n<p>Here and there, stricken walls still stand, ceilingless,<br \/>\neroded at the tops to jagged peaks;<br \/>\nin pocked, brittle towers, holes gape brightly<br \/>\nwhere bricks were shaken out like rotten teeth.<\/p>\n<p>Howling gales from the Hindu Kush<br \/>\nslam across the land and through the sun-baked ruins<br \/>\nflinging dervishes of dust into the air\u2014<br \/>\nand threatening to topple the spiderlike tripod<br \/>\nplanted in the center of the street: the photographer<br \/>\nwipes his stinging eyes and squints into the glare,<br \/>\nstraining to see what he\u2019s been coming up behind:<\/p>\n<p>A small, frail boy on a makeshift bench,<br \/>\nstruggling to keep his balance,<br \/>\nlooking to the side as if determined not to see<\/p>\n<p>the pole-like prostheses projecting like antennae<br \/>\nfrom the tightly harnessed stumps<br \/>\nof what had once been his legs\u2026<\/p>\n<p>He sits, alone but for the crutches at his side,<br \/>\nstaring away to where mountains meet sky\u2014<br \/>\nthat elusive place where all brutality ends\u2026<\/p>\n<p>that magical, tragic paradise<br \/>\nwhere blessed amnesia begins\u2014<\/p>\n<p>The photographer<br \/>\ntakes a single picture, uproots his tripod<br \/>\nand leaves.<\/p>\n<p>* * *<\/p>\n<p>I wrench the tripod sideways<br \/>\nand my Nikon cracks on rocks.<br \/>\nI turn to run in swirls of dust<br \/>\nso thick I look and look again<br \/>\nbut the little boy is lost.<br \/>\nEven his bench is lost.<br \/>\nSucked into billowing whorls of sand<br \/>\nand hissing ropes of wind that snake<br \/>\nlike smoke through broken walls:<br \/>\nI will catch him as he falls.<\/p>\n<p>Sky the color of a dead eye<br \/>\nhangs in frozen sheets that loom<br \/>\nlike grief above my head:<br \/>\nmy legs are trapped in lead\u2026<\/p>\n<p>I want<br \/>\nI want<br \/>\na magical horse<br \/>\nto gallop me up to the sky\u2014<br \/>\nmy arms embracing his surging neck<br \/>\nthe stones the dolls the bricks no longer<br \/>\nbashing their way through my head\u2014<\/p>\n<p>Some wood for fire I am cold<br \/>\n\u2014wild\u2014<br \/>\nmy lungs burnt out by dust I cannot<br \/>\nfind my shattered lens it cost<br \/>\nso much<br \/>\nMy mouth on fire<br \/>\nmy tongue seared dry<br \/>\ngasping hauling<br \/>\nred-soaked ropes<br \/>\nI raise my fantastical tent\u2014<\/p>\n<p>Flaming shards of window sash<br \/>\nslap out like molten knives\u2014<br \/>\nmy tent in hell<br \/>\nits ropes on fire<br \/>\nmy entire flimsy orphanage<br \/>\nexploding in crimson mist<\/p>\n<p>I pound the stakes with bloodied fists<br \/>\nthe boy lies screaming on the ground<br \/>\nhis crutches shoot up in a blast of flame<br \/>\nto ricochet off in the wind\u2014<\/p>\n<p>My tent now tightly raised I call<br \/>\nCome in, my child\u2014come in\u2026<\/p>\n<p>* * *<\/p>\n<p>Come in, my child\u2014come in.<br \/>\nCome in out of the wind.<br \/>\nJoin hands with me that we may fly from here<br \/>\ndeep in the warmth of our dreams,<br \/>\nwhere the sapphire-studded Amu Darya<br \/>\nflows in freedom and grace\u2014<br \/>\nand where roses that bloom on its velvety banks<br \/>\ngrow as big as your face!<\/p>\n<p>We will ride as one on the finest steeds<br \/>\nfrom the stables of Kataghan,<br \/>\nwhose bridles are trimmed in hammered gold<br \/>\nand bits that flash white in the sun\u2026<\/p>\n<p>We will gallop up into the mountains,<br \/>\nwhere fleecy sheep and snow-white goats<br \/>\ndoze upon carpets of jade\u2026<br \/>\nwhere rolling skies of lapis lazuli<br \/>\nand tumbling hills of blood-red rubies<br \/>\nstretch further than eyes can see\u2014<\/p>\n<p>Listen to the wind in the distance:<br \/>\nit brings the songs of the leopards, cheetahs, and wolves<br \/>\nand the scents of all that you crave\u2026<br \/>\nWe will ride that wind through amethyst shade<br \/>\nand burst out into that golden place<br \/>\nwhere melons, figs, and wine-swollen plums<br \/>\nwill drench us in fragrant waves:<br \/>\nbeauty and food and joy enough<br \/>\nto last us the rest of our lives\u2026<\/p>\n<p>* * *<\/p>\n<p>The rest of his life is coming<br \/>\nbrutal and swift. He is homeless,<br \/>\ncast adrift: a sea of flame<br \/>\nbeats against the borders of his sanity.<\/p>\n<p>Brutal and swift, he is homeless,<br \/>\nhis mother dead\u2026overwhelming agony<br \/>\nbeats against the borders of his sanity<br \/>\nand down where his legs used to be;<\/p>\n<p>His mother dead, overwhelming agony<br \/>\nshoots from oozing stumps; the metal stilts<br \/>\ndown where his legs used to be<br \/>\nare what he wakes to shrieking\u2026<\/p>\n<p>The oozing stumps, the metal stilts<br \/>\nare all he has left;<br \/>\nare what he wakes to shrieking,<br \/>\nthrashing in his nest of sooty bricks\u2026<\/p>\n<p>They\u2019re all he has left\u2026<br \/>\nHe stares ahead, numb from crying,<br \/>\nthrashing in his nest of sooty bricks<br \/>\nand sending tidal waves of grief into the morning;<\/p>\n<p>He stares ahead, numb from crying,<br \/>\ncast adrift on a sea of flame\u2014<br \/>\nand a tidal wave the size of<br \/>\nthe rest of his life is coming\u2014<\/p>\n<p>* * *<\/p>\n<p>Strange, is it not? that of the myriads who<br \/>\nBefore us pass\u2019d the door of Darkness through,<br \/>\nNot one returns to tell us of the Road,<br \/>\nWhich to discover we must travel too.<\/p>\n<p>\u2014from The Rub\u00e1iy\u00e1t of Omar Khayy\u00e1m.<\/p>\n<p style=\"text-align: center;\">\u2014Gabrielle LeMay<\/p>\n<p>&nbsp;<\/p>\n<h2><strong>Second Prize<\/strong><\/h2>\n<p>&nbsp;<\/p>\n<p><strong>Ptochos<\/strong><\/p>\n<p>Somewhere far out North Capitol Street, urban twilight, waiting in my father\u2019s red Plymouth while my date ran into a glassed-off building\u2014I think she worked for a law office there, I think she had forgotten a contract oath\u2014it\u2019s been decades now. I remember the lust of a young man\u2019s breath, mouth sticky, adrenaline making my finger-ends tap; whatever struck the window was loud. Too startled to respond with anger, I cranked down the glass (car windows had rotating handles then) and saw the beggar holding out a prosthetic leg. Pink, scuffed plastic, not even the color of his skin, his other hand rudely gripping the Plymouth\u2019s roof while he balanced, dancing, on the living foot. Having nothing else, he was using the scooped-out part where the stump fits as a donation bowl. Inside its mouth, a scattering of resentful coins. I added some dollar or two without comment, wanting only to escape the odor, this moment, wanting only to close the window glass against my shame. Then, later that night, naked, and entering her: my hand, reaching into emptiness: my empty hand, reaching into emptiness.<\/p>\n<p style=\"text-align: center;\">\u2014William Orem<\/p>\n<p>&nbsp;<\/p>\n<h2>Third Prize<\/h2>\n<p>&nbsp;<\/p>\n<p><strong>All things await the day of their breaking<\/strong><\/p>\n<p><em>for Lauren<\/em><\/p>\n<p>All things await the day of their breaking.<br \/>\nEvery object friable this jelly jar<\/p>\n<p>in your fingers, holding its scoop of purple<br \/>\nFebruary morning<\/p>\n<p>that China cup eggwhite dish<br \/>\non the papered shelf contain<br \/>\nwithin themselves anticipation<\/p>\n<p>of their crack, shatter<br \/>\nsplash,<br \/>\nthe glittering; the sigh. Each stone floor<\/p>\n<p>yearns upward toward each dropping plate.<\/p>\n<p>It\u2019s how the earth is made;<br \/>\nI wish it were not so.<\/p>\n<p>Marble tiles and vinyl sing all day<\/p>\n<p>of the wine glasses\u2019 rosy approach.<br \/>\nBut you and I, my own\u2014<\/p>\n<p>to me married twenty years this week,<br \/>\nto whom this human song\u2014<\/p>\n<p>risen together and warming a muffin,<br \/>\nsqueezing shoulders in good-morning fog,<br \/>\ncan mend these bits:<\/p>\n<p>what snaps, what tumbles,<br \/>\nlet us vow,<\/p>\n<p>again this starting year<br \/>\nand all of that to come, we\u2019ll catch.<\/p>\n<p style=\"text-align: center;\">\u2014William Orem<\/p>\n<p>&nbsp;<\/p>\n<h2><strong>Honorable Mention<\/strong><\/h2>\n<p>&nbsp;<\/p>\n<p><strong>The Poet\u2019s Way<\/strong><\/p>\n<p><em>\u2014Sheep\u2019s Head, West Cork<\/em><\/p>\n<p>\u2026wends from walled paddocks through a mute glen of sea grass curried<br \/>\nby ceaseless susurration gleaning secrets from a pentameter of countless<br \/>\nsteps who\u2019ve passed here one to the next \u2026and by the time you reach<\/p>\n<p>the lighthouse and peer into a tidal crevasse where three girls drowned<br \/>\na century ago and so added their names to the cliffs\u2019 brutal beauty\u2026<br \/>\nand see the stray lamb suckling his stray mother where the land ends<\/p>\n<p>and wonder how sheep could wander so far in a shepherd\u2019s dream<br \/>\nand what moved people to farm such rocky desolate slopes where<br \/>\nwind tears at mandrake roots, and why still they try\u2014unless perhaps<\/p>\n<p>the gale\u2019s plaintive howl reminds them every moment to joyfully toss<br \/>\ntheir entire life into the scales of fate\u2026and by the time you pass a small<br \/>\nshrine tucked into the cliffside\u2014Our Lady of the Wayside\u2014her open<\/p>\n<p>arms and beatific gaze imparting succoring grace to any wayward<br \/>\ntraveler in need of rest or strength, plodding hungrily up to the car<br \/>\npark\u2019s stone caf\u00e9 to brave the tour bus crowd after communing all<\/p>\n<p>day with metaphysics of wind and sea\u2014the solitary self, a high cairn<br \/>\nset in stark relief against the sky\u2026straining, reaching out to touch<br \/>\nwhat\u2019s either light in god\u2019s face or the backside of just another clich\u00e9,<\/p>\n<p>before your soul can get its bearings and shrink\u2026you leave their safe<br \/>\ncomplacent numbers behind to amble final miles on legs gone slack,<br \/>\nyour sun- and salt-lashed face glowing transfigured by forces no mill<\/p>\n<p>or pen can harness, your spirit untamable and wild as white horses<br \/>\ngalloping across the bay\u2026it\u2019s impossible to say where exactly,<br \/>\nwhich view among hundreds, what beauty too breathless to be held<\/p>\n<p>or loss too sad to retell, what stretch of rock or dirt or bog sacrificed<br \/>\nitself to the gust that blew your heart open, which stile you clambered<br \/>\nover, meandering unmown fields of farms perennially on the edge of ruin,<\/p>\n<p>trusting a well-trod thread as your head wandered aimless as a poet\u2019s cloud<br \/>\nover landscapes real and imagined\u2026fingering scales laden with the weight<br \/>\nof unshorn wool, turning your back on numbers and stones when the nurse<\/p>\n<p>weighs you from birth until your last appointment\u2019s intake, every measuring<br \/>\nup a gathering and scattering until even that staunch superstition fades<br \/>\nand falls away in the joyous mournful moan of your mother\u2019s selkie<\/p>\n<p>voice drifting out with the tide. You toss your entire life in anyway,<br \/>\nshattered and unrecognizable to anyone but you, burnished clean<br \/>\nof every bright path, tried or true, the fleet shadow of every thought.<\/p>\n<p style=\"text-align: center;\">\u2014Partridge Boswell<\/p>\n<p>&nbsp;<\/p>\n<p><strong>In Donegal<\/strong><\/p>\n<p>So much moss covers what was lost.<br \/>\nOld men unearth the turf one shovel<\/p>\n<p>at a time. Mist descends in thin veils.<br \/>\nRain in thick curtains. Nothing is<\/p>\n<p>certain. Not even the dirt beneath<br \/>\nthe feet. To be in Donegal<\/p>\n<p>is to dig deep, dream big. The sweep<br \/>\nof clouds along the mountainsides<\/p>\n<p>cling like sheep; all those empty hearths<br \/>\nand roofless walls could make you weep.<\/p>\n<p style=\"text-align: center;\">\u2014Deborah Doolittle<\/p>\n<p>&nbsp;<\/p>\n<p><strong>Detritus<\/strong><\/p>\n<p>My son parades a sumac branch,<br \/>\ninsisting it&#8217;s his favorite pet,<br \/>\na mouse without a name.<\/p>\n<p>He covers her with rotting leaves<br \/>\nand reads a book he\u2019s memorized<br \/>\nwhile wind blows off the crumpled leaves<\/p>\n<p>detaching from the mother branch,<br \/>\nan end to sunny, leafy days,<br \/>\nNovember gardens marked by space<\/p>\n<p>the light too scant to see a face.<br \/>\nDetritus. The child<br \/>\nwho came before its time<\/p>\n<p>preferred an evening tinged with ice.<br \/>\nI asked that being, why didn\u2019t you cling?<br \/>\nThe nurse said it\u2019s a natural thing<\/p>\n<p>to bleed away what can\u2019t be saved:<br \/>\na slippery fish, a broken dish.<br \/>\nNo form, just guts. The smell of rot.<\/p>\n<p>My toddler strokes the woody knob<br \/>\nhe calls his sumac mouse\u2019s eye.<br \/>\nNo face, no nose, no teeth, no hair,<\/p>\n<p>the leaves all gone, he feeds it air.<\/p>\n<p style=\"text-align: center;\">\u2014D. Dina Friedman<\/p>\n<p>&nbsp;<\/p>\n<p><strong>Burnt Offerings<\/strong><\/p>\n<p>She buried the Ouija board in the side yard<br \/>\nclose enough to the cat to pause<br \/>\nat the memory of orange and white fur<br \/>\nbefore erasing from her mind an answer<br \/>\nshe didn\u2019t like to a question I never heard,<br \/>\nan unceremonious witnessing, a flat,<br \/>\nnarrow coffin just big enough<br \/>\nfor game board and planchette.<\/p>\n<p>Witchy sister who believed<br \/>\nin the cleansing power of both moon<br \/>\nand earth next buried a ring she found<br \/>\nin a parking lot, blue-black sapphire heart<br \/>\nlit with a burning white star.<br \/>\nFor thirty days of her self-imposed exile<br \/>\nring became neighbor to both cat and board,<br \/>\nmy sister the grave keeper of things<br \/>\nloved and maligned<\/p>\n<p>as I wondered if the yard could hold<br \/>\nall her banishments when the next night<br \/>\na spirit compelled her to burn a novel<br \/>\nshe made me promise to never read, something<br \/>\nabout pets being buried in a pet cemetery,<br \/>\nas she started the flames with an old lighter,<br \/>\npages folding in on themselves<br \/>\nbefore lifting from the earth, leaving<br \/>\nbehind the board, the bones, a menagerie<br \/>\nof every cursed object,<br \/>\nalmost as if the pages were newly born<br \/>\ninstead of dying, this possibility of life<br \/>\nextinguished as she stomped out the fire<br \/>\nwhile planning the next.<\/p>\n<p style=\"text-align: center;\">\u2014Suzanne Burns<\/p>\n<p>&nbsp;<\/p>\n<p>&nbsp;<\/p>\n","protected":false},"excerpt":{"rendered":"<p>Preface As the International Lawrence Durrell Society prepares to convene in Athens in July 2024, it seemed most appropriate to center the 2023 White Mice Poetry Contest on theme of \u201cRuins.\u201d Destruction is everywhere in our world\u2014major wars with ruthless bombing and loss of life proliferate as we speak\u2014and yet this theme also reminds us &hellip; <\/p>\n","protected":false},"author":5,"featured_media":0,"parent":79,"menu_order":0,"comment_status":"closed","ping_status":"closed","template":"","meta":{"footnotes":""},"_links":{"self":[{"href":"https:\/\/lawrencedurrell.org\/wp_durrell\/wp-json\/wp\/v2\/pages\/2001"}],"collection":[{"href":"https:\/\/lawrencedurrell.org\/wp_durrell\/wp-json\/wp\/v2\/pages"}],"about":[{"href":"https:\/\/lawrencedurrell.org\/wp_durrell\/wp-json\/wp\/v2\/types\/page"}],"author":[{"embeddable":true,"href":"https:\/\/lawrencedurrell.org\/wp_durrell\/wp-json\/wp\/v2\/users\/5"}],"replies":[{"embeddable":true,"href":"https:\/\/lawrencedurrell.org\/wp_durrell\/wp-json\/wp\/v2\/comments?post=2001"}],"version-history":[{"count":6,"href":"https:\/\/lawrencedurrell.org\/wp_durrell\/wp-json\/wp\/v2\/pages\/2001\/revisions"}],"predecessor-version":[{"id":2038,"href":"https:\/\/lawrencedurrell.org\/wp_durrell\/wp-json\/wp\/v2\/pages\/2001\/revisions\/2038"}],"up":[{"embeddable":true,"href":"https:\/\/lawrencedurrell.org\/wp_durrell\/wp-json\/wp\/v2\/pages\/79"}],"wp:attachment":[{"href":"https:\/\/lawrencedurrell.org\/wp_durrell\/wp-json\/wp\/v2\/media?parent=2001"}],"curies":[{"name":"wp","href":"https:\/\/api.w.org\/{rel}","templated":true}]}}